{"id":6491,"date":"2023-01-19T09:19:21","date_gmt":"2023-01-19T08:19:21","guid":{"rendered":"https:\/\/www.bodenmann.ch\/nos-services\/"},"modified":"2026-02-19T21:42:27","modified_gmt":"2026-02-19T20:42:27","slug":"unsere-dienstleistungen","status":"publish","type":"page","link":"https:\/\/www.bodenmann.ch\/de\/unsere-dienstleistungen\/","title":{"rendered":"Unsere Dienstleistungen"},"content":{"rendered":"\t\t<div data-elementor-type=\"wp-page\" data-elementor-id=\"6491\" class=\"elementor elementor-6491 elementor-1487\" data-elementor-post-type=\"page\">\n\t\t\t\t\t\t<section class=\"elementor-section elementor-top-section elementor-element elementor-element-3e6a301 elementor-section-height-min-height aux-appear-watch-animation aux-mask-from-top elementor-section-stretched elementor-section-boxed elementor-section-height-default elementor-section-items-middle\" data-id=\"3e6a301\" data-element_type=\"section\" data-e-type=\"section\" data-settings=\"{&quot;background_background&quot;:&quot;classic&quot;,&quot;stretch_section&quot;:&quot;section-stretched&quot;}\">\n\t\t\t\t\t\t<div class=\"elementor-container elementor-column-gap-default\">\n\t\t\t\t\t<div class=\"aux-parallax-section elementor-column elementor-col-100 elementor-top-column elementor-element elementor-element-c281086\" data-id=\"c281086\" data-element_type=\"column\" data-e-type=\"column\">\n\t\t\t<div class=\"elementor-widget-wrap\">\n\t\t\t\t\t\t\t<\/div>\n\t\t<\/div>\n\t\t\t\t\t<\/div>\n\t\t<\/section>\n\t\t\t\t<section class=\"elementor-section elementor-top-section elementor-element elementor-element-bf01cf4 elementor-section-stretched elementor-section-boxed elementor-section-height-default elementor-section-height-default\" data-id=\"bf01cf4\" data-element_type=\"section\" data-e-type=\"section\" data-settings=\"{&quot;stretch_section&quot;:&quot;section-stretched&quot;}\">\n\t\t\t\t\t\t<div class=\"elementor-container elementor-column-gap-default\">\n\t\t\t\t\t<div class=\"aux-parallax-section elementor-column elementor-col-100 elementor-top-column elementor-element elementor-element-1e53625\" data-id=\"1e53625\" data-element_type=\"column\" data-e-type=\"column\" data-settings=\"{&quot;background_background&quot;:&quot;classic&quot;}\">\n\t\t\t<div class=\"elementor-widget-wrap elementor-element-populated\">\n\t\t\t\t\t\t<div class=\"elementor-element elementor-element-526eb5e aux-appear-watch-animation aux-fade-in-up elementor-widget elementor-widget-aux_modern_heading\" data-id=\"526eb5e\" data-element_type=\"widget\" data-e-type=\"widget\" data-widget_type=\"aux_modern_heading.default\">\n\t\t\t\t<div class=\"elementor-widget-container\">\n\t\t\t\t\t<section class=\"aux-widget-modern-heading\">\n            <div class=\"aux-widget-inner\"><h2 class=\"aux-modern-heading-primary\">Unsere Dienstleistungen<\/h2><div class=\"aux-modern-heading-divider\"><\/div><div class=\"aux-modern-heading-description\"><p><span lang=\"de-CH\">Seit \u00fcber 130 Jahren entwerfen und realisieren wir funktionale Lebensr\u00e4ume aus nachhaltigen Materialien, die Innenr\u00e4umen einen eleganten und zeitgem\u00e4\u00dfen Charakter sowie eine einzigartige Handschrift verleihen. Bei jedem Projekt achten wir besonders auf die Funktionalit\u00e4t unserer Vorschl\u00e4ge, damit diese optimal auf Ihre spezifischen Nutzungen abgestimmt sind.<\/span><\/p><\/div><\/div>\n        <\/section>\t\t\t\t<\/div>\n\t\t\t\t<\/div>\n\t\t\t\t\t<\/div>\n\t\t<\/div>\n\t\t\t\t\t<\/div>\n\t\t<\/section>\n\t\t<div class=\"aux-parallax-section elementor-element elementor-element-fab9b68 e-flex e-con-boxed e-con e-parent\" data-id=\"fab9b68\" data-element_type=\"container\" data-e-type=\"container\" id=\"projektstudie\">\n\t\t\t\t\t<div class=\"e-con-inner\">\n\t\t\t\t\t<\/div>\n\t\t\t\t<\/div>\n\t\t\t\t<section class=\"elementor-section elementor-top-section elementor-element elementor-element-a5fda49 elementor-reverse-tablet elementor-section-full_width elementor-section-stretched elementor-section-height-default elementor-section-height-default\" data-id=\"a5fda49\" data-element_type=\"section\" data-e-type=\"section\" data-settings=\"{&quot;stretch_section&quot;:&quot;section-stretched&quot;}\">\n\t\t\t\t\t\t<div class=\"elementor-container elementor-column-gap-default\">\n\t\t\t\t\t<div class=\"aux-parallax-section elementor-column elementor-col-50 elementor-top-column elementor-element elementor-element-84dae5d\" data-id=\"84dae5d\" data-element_type=\"column\" data-e-type=\"column\">\n\t\t\t<div class=\"elementor-widget-wrap elementor-element-populated\">\n\t\t\t\t\t\t<div class=\"elementor-element elementor-element-e3e1838 aux-appear-watch-animation aux-fade-in-up elementor-widget elementor-widget-aux_modern_heading\" data-id=\"e3e1838\" data-element_type=\"widget\" data-e-type=\"widget\" data-widget_type=\"aux_modern_heading.default\">\n\t\t\t\t<div class=\"elementor-widget-container\">\n\t\t\t\t\t<section class=\"aux-widget-modern-heading\">\n            <div class=\"aux-widget-inner\"><h2 class=\"aux-modern-heading-primary\">01. Projektstudie<\/h2><div class=\"aux-modern-heading-divider\"><\/div><div class=\"aux-modern-heading-description\"><p><span lang=\"de-CH\">Ein gutes Projekt ist ein gut durchdachtes Projekt. Dank umfassender Fachkompetenz \u00fcbersetzt, interpretiert und bereichert unser technisches B\u00fcro Ihre Ideen und macht sie realisierbar. Von den ersten Skizzen an begleitet unser Planungs- und Designb\u00fcro Ihr Projekt \u00fcber den gesamten Prozess hinweg und stellt sicher, dass dieses reibungslos, gem\u00e4\u00df den formulierten Erwartungen und in der gew\u00fcnschten Qualit\u00e4tsstufe umgesetzt wird.<\/span><\/p><\/div><\/div>\n        <\/section>\t\t\t\t<\/div>\n\t\t\t\t<\/div>\n\t\t\t\t\t<\/div>\n\t\t<\/div>\n\t\t\t\t<div class=\"aux-parallax-section elementor-column elementor-col-50 elementor-top-column elementor-element elementor-element-a5dacec\" data-id=\"a5dacec\" data-element_type=\"column\" data-e-type=\"column\">\n\t\t\t<div class=\"elementor-widget-wrap elementor-element-populated\">\n\t\t\t\t\t\t<div class=\"elementor-element elementor-element-474625a aux-appear-watch-animation aux-mask-from-left elementor-widget elementor-widget-aux_image\" data-id=\"474625a\" data-element_type=\"widget\" data-e-type=\"widget\" data-widget_type=\"aux_image.default\">\n\t\t\t\t<div class=\"elementor-widget-container\">\n\t\t\t\t\t<section class=\"widget-container aux-widget-image aux-alignnone aux-parent-au0c215449\">\n    <div class=\"aux-media-hint-frame \">\n        <div class=\"aux-media-image \" >\n        \n            \n\n            \n            <img fetchpriority=\"high\" decoding=\"async\" width=\"854\" height=\"412\" src=\"https:\/\/www.bodenmann.ch\/wp-content\/uploads\/2023\/01\/shutterstock_1151634602.png\" class=\"aux-attachment aux-featured-image aux-attachment-id-1504\" alt=\"shutterstock_1151634602\" data-ratio=\"2.07\" data-original-w=\"854\" \/>            \n                <\/div>\n    <\/div>\n\n<\/section><!-- widget-container -->\t\t\t\t<\/div>\n\t\t\t\t<\/div>\n\t\t\t\t\t<\/div>\n\t\t<\/div>\n\t\t\t\t\t<\/div>\n\t\t<\/section>\n\t\t<div class=\"aux-parallax-section elementor-element elementor-element-fc68572 e-flex e-con-boxed e-con e-parent\" data-id=\"fc68572\" data-element_type=\"container\" data-e-type=\"container\" id=\"schreinerei\">\n\t\t\t\t\t<div class=\"e-con-inner\">\n\t\t\t\t\t<\/div>\n\t\t\t\t<\/div>\n\t\t\t\t<section class=\"elementor-section elementor-top-section elementor-element elementor-element-998f063 elementor-reverse-tablet elementor-reverse-mobile elementor-section-full_width elementor-section-stretched elementor-section-height-default elementor-section-height-default\" data-id=\"998f063\" data-element_type=\"section\" data-e-type=\"section\" data-settings=\"{&quot;stretch_section&quot;:&quot;section-stretched&quot;}\">\n\t\t\t\t\t\t<div class=\"elementor-container elementor-column-gap-default\">\n\t\t\t\t\t<div class=\"aux-parallax-section elementor-column elementor-col-50 elementor-top-column elementor-element elementor-element-db57eb9\" data-id=\"db57eb9\" data-element_type=\"column\" data-e-type=\"column\">\n\t\t\t<div class=\"elementor-widget-wrap elementor-element-populated\">\n\t\t\t\t\t\t<div class=\"elementor-element elementor-element-eb02e77 aux-appear-watch-animation aux-mask-from-left elementor-widget elementor-widget-aux_image\" data-id=\"eb02e77\" data-element_type=\"widget\" data-e-type=\"widget\" data-widget_type=\"aux_image.default\">\n\t\t\t\t<div class=\"elementor-widget-container\">\n\t\t\t\t\t<section class=\"widget-container aux-widget-image aux-alignnone aux-parent-au8c8ae8e4\">\n    <div class=\"aux-media-hint-frame \">\n        <div class=\"aux-media-image \" >\n        \n            \n\n            \n            <img decoding=\"async\" width=\"1066\" height=\"412\" src=\"https:\/\/www.bodenmann.ch\/wp-content\/uploads\/2023\/01\/shutterstock_231222958-1.png\" class=\"aux-attachment aux-featured-image aux-attachment-id-1509\" alt=\"shutterstock_231222958\" data-ratio=\"2.59\" data-original-w=\"1066\" \/>            \n                <\/div>\n    <\/div>\n\n<\/section><!-- widget-container -->\t\t\t\t<\/div>\n\t\t\t\t<\/div>\n\t\t\t\t\t<\/div>\n\t\t<\/div>\n\t\t\t\t<div class=\"aux-parallax-section elementor-column elementor-col-50 elementor-top-column elementor-element elementor-element-9804c9d\" data-id=\"9804c9d\" data-element_type=\"column\" data-e-type=\"column\">\n\t\t\t<div class=\"elementor-widget-wrap elementor-element-populated\">\n\t\t\t\t\t\t<div class=\"elementor-element elementor-element-9ff5233 aux-appear-watch-animation aux-fade-in-up elementor-widget elementor-widget-aux_modern_heading\" data-id=\"9ff5233\" data-element_type=\"widget\" data-e-type=\"widget\" data-widget_type=\"aux_modern_heading.default\">\n\t\t\t\t<div class=\"elementor-widget-container\">\n\t\t\t\t\t<section class=\"aux-widget-modern-heading\">\n            <div class=\"aux-widget-inner\"><h2 class=\"aux-modern-heading-primary\">02. Schreinerei<\/h2><div class=\"aux-modern-heading-divider\"><\/div><div class=\"aux-modern-heading-description\"><p><span lang=\"de-CH\">Durch die Verbindung von handwerklicher Exzellenz, modernsten Werkzeugen und hochwertigen Materialien fertigt unsere Schreinerei ma\u00dfgeschneiderte Bauelemente, die perfekt auf Ihre Bed\u00fcrfnisse abgestimmt sind, wie T\u00fcren und Fenster, Trennw\u00e4nde, Fensterl\u00e4den, Wandverkleidungen, Treppen, Handl\u00e4ufe oder Terrassen.<\/span><\/p><\/div><\/div>\n        <\/section>\t\t\t\t<\/div>\n\t\t\t\t<\/div>\n\t\t\t\t\t<\/div>\n\t\t<\/div>\n\t\t\t\t\t<\/div>\n\t\t<\/section>\n\t\t<div class=\"aux-parallax-section elementor-element elementor-element-1e19b03 e-flex e-con-boxed e-con e-parent\" data-id=\"1e19b03\" data-element_type=\"container\" data-e-type=\"container\" id=\"innenausbau\">\n\t\t\t\t\t<div class=\"e-con-inner\">\n\t\t\t\t\t<\/div>\n\t\t\t\t<\/div>\n\t\t\t\t<section class=\"elementor-section elementor-top-section elementor-element elementor-element-1d38047 elementor-reverse-tablet elementor-section-full_width elementor-section-stretched elementor-section-height-default elementor-section-height-default\" data-id=\"1d38047\" data-element_type=\"section\" data-e-type=\"section\" data-settings=\"{&quot;stretch_section&quot;:&quot;section-stretched&quot;}\">\n\t\t\t\t\t\t<div class=\"elementor-container elementor-column-gap-default\">\n\t\t\t\t\t<div class=\"aux-parallax-section elementor-column elementor-col-50 elementor-top-column elementor-element elementor-element-5f57f1b\" data-id=\"5f57f1b\" data-element_type=\"column\" data-e-type=\"column\">\n\t\t\t<div class=\"elementor-widget-wrap elementor-element-populated\">\n\t\t\t\t\t\t<div class=\"elementor-element elementor-element-15f131d aux-appear-watch-animation aux-fade-in-up elementor-widget elementor-widget-aux_modern_heading\" data-id=\"15f131d\" data-element_type=\"widget\" data-e-type=\"widget\" id=\"ebenisterie\" data-widget_type=\"aux_modern_heading.default\">\n\t\t\t\t<div class=\"elementor-widget-container\">\n\t\t\t\t\t<section class=\"aux-widget-modern-heading\">\n            <div class=\"aux-widget-inner\"><h2 class=\"aux-modern-heading-primary\">03. Innenausbau<\/h2><div class=\"aux-modern-heading-divider\"><\/div><div class=\"aux-modern-heading-description\"><p><span lang=\"de-CH\">Zuschnitt, Bearbeitung, Montage\u2026 unsere \u201eGoldschmiede\u201c unter den M\u00f6belschreinern legen bei der Herstellung verschiedenster Elemente wie Bibliotheken, Schreibtische, Schr\u00e4nke, Ankleiden, Empfangsm\u00f6bel, Uhrmacher-Werkb\u00e4nke, Vitrinen oder Bars h\u00f6chsten Wert auf jedes Detail. F\u00fcr dekorative Elemente, Rahmen oder Beschl\u00e4ge erg\u00e4nzt unsere Schlosserei unser Angebot.<\/span><\/p><\/div><\/div>\n        <\/section>\t\t\t\t<\/div>\n\t\t\t\t<\/div>\n\t\t\t\t\t<\/div>\n\t\t<\/div>\n\t\t\t\t<div class=\"aux-parallax-section elementor-column elementor-col-50 elementor-top-column elementor-element elementor-element-25f7e87\" data-id=\"25f7e87\" data-element_type=\"column\" data-e-type=\"column\">\n\t\t\t<div class=\"elementor-widget-wrap elementor-element-populated\">\n\t\t\t\t\t\t<div class=\"elementor-element elementor-element-a0bcb33 aux-appear-watch-animation aux-mask-from-left elementor-widget elementor-widget-aux_image\" data-id=\"a0bcb33\" data-element_type=\"widget\" data-e-type=\"widget\" data-widget_type=\"aux_image.default\">\n\t\t\t\t<div class=\"elementor-widget-container\">\n\t\t\t\t\t<section class=\"widget-container aux-widget-image aux-alignnone aux-parent-auc6b1a73e\">\n    <div class=\"aux-media-hint-frame \">\n        <div class=\"aux-media-image \" >\n        \n            \n\n            \n            <img decoding=\"async\" width=\"1066\" height=\"381\" src=\"https:\/\/www.bodenmann.ch\/wp-content\/uploads\/2023\/01\/shutterstock_231222958.png\" class=\"aux-attachment aux-featured-image aux-attachment-id-1505\" alt=\"shutterstock_231222958\" data-ratio=\"2.8\" data-original-w=\"1066\" \/>            \n                <\/div>\n    <\/div>\n\n<\/section><!-- widget-container -->\t\t\t\t<\/div>\n\t\t\t\t<\/div>\n\t\t\t\t\t<\/div>\n\t\t<\/div>\n\t\t\t\t\t<\/div>\n\t\t<\/section>\n\t\t<div class=\"aux-parallax-section elementor-element elementor-element-534e056 e-flex e-con-boxed e-con e-parent\" data-id=\"534e056\" data-element_type=\"container\" data-e-type=\"container\" id=\"Mobel\">\n\t\t\t\t\t<div class=\"e-con-inner\">\n\t\t\t\t\t<\/div>\n\t\t\t\t<\/div>\n\t\t\t\t<section class=\"elementor-section elementor-top-section elementor-element elementor-element-33a2d06 elementor-reverse-tablet elementor-reverse-mobile elementor-section-full_width elementor-section-stretched elementor-section-height-default elementor-section-height-default\" data-id=\"33a2d06\" data-element_type=\"section\" data-e-type=\"section\" data-settings=\"{&quot;stretch_section&quot;:&quot;section-stretched&quot;}\">\n\t\t\t\t\t\t<div class=\"elementor-container elementor-column-gap-default\">\n\t\t\t\t\t<div class=\"aux-parallax-section elementor-column elementor-col-50 elementor-top-column elementor-element elementor-element-fc8a808\" data-id=\"fc8a808\" data-element_type=\"column\" data-e-type=\"column\">\n\t\t\t<div class=\"elementor-widget-wrap elementor-element-populated\">\n\t\t\t\t\t\t<div class=\"elementor-element elementor-element-f8c1651 aux-appear-watch-animation aux-mask-from-left elementor-widget elementor-widget-aux_image\" data-id=\"f8c1651\" data-element_type=\"widget\" data-e-type=\"widget\" data-widget_type=\"aux_image.default\">\n\t\t\t\t<div class=\"elementor-widget-container\">\n\t\t\t\t\t<section class=\"widget-container aux-widget-image aux-alignnone aux-parent-au889e8b2c\">\n    <div class=\"aux-media-hint-frame \">\n        <div class=\"aux-media-image \" >\n        \n            \n\n            \n            <img loading=\"lazy\" decoding=\"async\" width=\"854\" height=\"412\" src=\"https:\/\/www.bodenmann.ch\/wp-content\/uploads\/2023\/01\/shutterstock_231222958-2.png\" class=\"aux-attachment aux-featured-image aux-attachment-id-1510\" alt=\"shutterstock_231222958\" data-ratio=\"2.07\" data-original-w=\"854\" \/>            \n                <\/div>\n    <\/div>\n\n<\/section><!-- widget-container -->\t\t\t\t<\/div>\n\t\t\t\t<\/div>\n\t\t\t\t\t<\/div>\n\t\t<\/div>\n\t\t\t\t<div class=\"aux-parallax-section elementor-column elementor-col-50 elementor-top-column elementor-element elementor-element-371b331\" data-id=\"371b331\" data-element_type=\"column\" data-e-type=\"column\">\n\t\t\t<div class=\"elementor-widget-wrap elementor-element-populated\">\n\t\t\t\t\t\t<div class=\"elementor-element elementor-element-8b17991 aux-appear-watch-animation aux-fade-in-up elementor-widget elementor-widget-aux_modern_heading\" data-id=\"8b17991\" data-element_type=\"widget\" data-e-type=\"widget\" data-widget_type=\"aux_modern_heading.default\">\n\t\t\t\t<div class=\"elementor-widget-container\">\n\t\t\t\t\t<section class=\"aux-widget-modern-heading\">\n            <div class=\"aux-widget-inner\"><h2 class=\"aux-modern-heading-primary\">04. M\u00f6bel<\/h2><div class=\"aux-modern-heading-divider\"><\/div><div class=\"aux-modern-heading-description\"><p><span lang=\"de-CH\">Als fester Bestandteil unseres Angebots bieten wir eine umfangreiche Palette an M\u00f6belprodukten, bestehend aus M\u00f6beln und dekorativen Elementen f\u00fcr die Ausstattung von B\u00fcros, Hotels sowie professionellen und privaten R\u00e4umen. Entstanden aus Partnerschaften mit renommierten M\u00f6belherstellern, ist dieses M\u00f6belsortiment in verschiedenen Kollektionen erh\u00e4ltlich und kann an das Erscheinungsbild Ihres Unternehmens angepasst werden.<\/span><\/p><\/div><\/div>\n        <\/section>\t\t\t\t<\/div>\n\t\t\t\t<\/div>\n\t\t\t\t\t<\/div>\n\t\t<\/div>\n\t\t\t\t\t<\/div>\n\t\t<\/section>\n\t\t\t\t<\/div>\n\t\t","protected":false},"excerpt":{"rendered":"<p>Unsere Dienstleistungen Seit \u00fcber 130 Jahren entwerfen und realisieren wir funktionale Lebensr\u00e4ume aus nachhaltigen Materialien, die Innenr\u00e4umen einen eleganten und zeitgem\u00e4\u00dfen Charakter sowie eine einzigartige Handschrift verleihen. Bei jedem Projekt achten wir besonders auf die Funktionalit\u00e4t unserer Vorschl\u00e4ge, damit diese optimal auf Ihre spezifischen Nutzungen abgestimmt sind. 01. Projektstudie Ein gutes Projekt ist ein gut [&hellip;]<\/p>\n","protected":false},"author":1,"featured_media":0,"parent":0,"menu_order":0,"comment_status":"closed","ping_status":"closed","template":"","meta":{"inline_featured_image":false,"footnotes":""},"class_list":["post-6491","page","type-page","status-publish","hentry"],"_links":{"self":[{"href":"https:\/\/www.bodenmann.ch\/de\/wp-json\/wp\/v2\/pages\/6491","targetHints":{"allow":["GET"]}}],"collection":[{"href":"https:\/\/www.bodenmann.ch\/de\/wp-json\/wp\/v2\/pages"}],"about":[{"href":"https:\/\/www.bodenmann.ch\/de\/wp-json\/wp\/v2\/types\/page"}],"author":[{"embeddable":true,"href":"https:\/\/www.bodenmann.ch\/de\/wp-json\/wp\/v2\/users\/1"}],"replies":[{"embeddable":true,"href":"https:\/\/www.bodenmann.ch\/de\/wp-json\/wp\/v2\/comments?post=6491"}],"version-history":[{"count":35,"href":"https:\/\/www.bodenmann.ch\/de\/wp-json\/wp\/v2\/pages\/6491\/revisions"}],"predecessor-version":[{"id":8061,"href":"https:\/\/www.bodenmann.ch\/de\/wp-json\/wp\/v2\/pages\/6491\/revisions\/8061"}],"wp:attachment":[{"href":"https:\/\/www.bodenmann.ch\/de\/wp-json\/wp\/v2\/media?parent=6491"}],"curies":[{"name":"wp","href":"https:\/\/api.w.org\/{rel}","templated":true}]}}