{"id":7331,"date":"2023-03-23T08:27:29","date_gmt":"2023-03-23T07:27:29","guid":{"rendered":"https:\/\/www.bodenmann.ch\/impressum\/"},"modified":"2023-03-23T08:27:29","modified_gmt":"2023-03-23T07:27:29","slug":"impressum","status":"publish","type":"page","link":"https:\/\/www.bodenmann.ch\/de\/impressum\/","title":{"rendered":"Impressum"},"content":{"rendered":"\t\t<div data-elementor-type=\"wp-page\" data-elementor-id=\"7331\" class=\"elementor elementor-7331 elementor-4077\" data-elementor-post-type=\"page\">\n\t\t\t\t\t\t<section class=\"elementor-section elementor-top-section elementor-element elementor-element-3e6a301 elementor-section-height-min-height aux-appear-watch-animation aux-mask-from-top elementor-section-stretched elementor-section-boxed elementor-section-height-default elementor-section-items-middle\" data-id=\"3e6a301\" data-element_type=\"section\" data-e-type=\"section\" data-settings=\"{&quot;background_background&quot;:&quot;classic&quot;,&quot;stretch_section&quot;:&quot;section-stretched&quot;}\">\n\t\t\t\t\t\t<div class=\"elementor-container elementor-column-gap-default\">\n\t\t\t\t\t<div class=\"aux-parallax-section elementor-column elementor-col-100 elementor-top-column elementor-element elementor-element-c281086\" data-id=\"c281086\" data-element_type=\"column\" data-e-type=\"column\">\n\t\t\t<div class=\"elementor-widget-wrap\">\n\t\t\t\t\t\t\t<\/div>\n\t\t<\/div>\n\t\t\t\t\t<\/div>\n\t\t<\/section>\n\t\t\t\t<section class=\"elementor-section elementor-top-section elementor-element elementor-element-bf01cf4 elementor-section-stretched elementor-section-boxed elementor-section-height-default elementor-section-height-default\" data-id=\"bf01cf4\" data-element_type=\"section\" data-e-type=\"section\" data-settings=\"{&quot;stretch_section&quot;:&quot;section-stretched&quot;}\">\n\t\t\t\t\t\t<div class=\"elementor-container elementor-column-gap-default\">\n\t\t\t\t\t<div class=\"aux-parallax-section elementor-column elementor-col-100 elementor-top-column elementor-element elementor-element-1e53625\" data-id=\"1e53625\" data-element_type=\"column\" data-e-type=\"column\" data-settings=\"{&quot;background_background&quot;:&quot;classic&quot;}\">\n\t\t\t<div class=\"elementor-widget-wrap elementor-element-populated\">\n\t\t\t\t\t\t<div class=\"elementor-element elementor-element-526eb5e aux-appear-watch-animation aux-fade-in-up elementor-widget elementor-widget-aux_modern_heading\" data-id=\"526eb5e\" data-element_type=\"widget\" data-e-type=\"widget\" data-widget_type=\"aux_modern_heading.default\">\n\t\t\t\t<div class=\"elementor-widget-container\">\n\t\t\t\t\t<section class=\"aux-widget-modern-heading\">\n            <div class=\"aux-widget-inner\"><h2 class=\"aux-modern-heading-primary\">Conditions G\u00e9n\u00e9rales et Mentions L\u00e9gales<\/h2><div class=\"aux-modern-heading-divider\"><\/div><div class=\"aux-modern-heading-description\"><p><strong>Informations sur l'\u00e9diteur<\/strong><br \/>Le site internet <a href=\"https:\/\/www.bodenmann.ch\/\">https:\/\/www.bodenmann.ch\/<\/a> est \u00e9dit\u00e9 par Bodenmann SA, dont le si\u00e8ge social est situ\u00e9 \u00e0 l'adresse suivante : Le Campe 10, 1348 Le Brassus, Suisse. T\u00e9l\u00e9phone : +41 (0)21 564 40 40 ; Email : <a href=\"mailto:info@bodenmann.ch\">info@bodenmann.ch<\/a>.<\/p><p><strong>H\u00e9bergement<\/strong><br \/>Le site est h\u00e9berg\u00e9 par Infomaniak, dont le si\u00e8ge social est situ\u00e9 \u00e0 l'adresse suivante : Rue Eug\u00e8ne-Marziano 25, 1227 Gen\u00e8ve, Suisse.<\/p><p><strong>Responsabilit\u00e9<\/strong><br \/>Bodenmann SA s'efforce de maintenir le site \u00e0 jour et d'assurer l'exactitude des informations qu'il contient. Toutefois, l'\u00e9diteur ne peut garantir l'exhaustivit\u00e9, l'exactitude ou l'absence de modification par un tiers (intrusion, virus). En cons\u00e9quence, l'utilisateur reconna\u00eet utiliser ces informations sous sa responsabilit\u00e9 exclusive.<\/p><p><strong>Propri\u00e9t\u00e9 intellectuelle<\/strong><br \/>L'ensemble des \u00e9l\u00e9ments du site <a href=\"https:\/\/www.bodenmann.ch\/\">https:\/\/www.bodenmann.ch\/<\/a>, notamment les textes, images, logos, marques et autres \u00e9l\u00e9ments graphiques, sont la propri\u00e9t\u00e9 exclusive de Bodenmann SA ou de ses partenaires. Toute reproduction, repr\u00e9sentation, modification ou distribution, totale ou partielle, du contenu du site est strictement interdite sans l'autorisation expresse et pr\u00e9alable de Bodenmann SA.<\/p><p><strong>Donn\u00e9es personnelles<\/strong><br \/>Bodenmann SA est soucieux de la protection de vos donn\u00e9es personnelles. Pour en savoir plus sur la mani\u00e8re dont nous collectons, utilisons et prot\u00e9geons vos donn\u00e9es personnelles, veuillez consulter notre Politique de Confidentialit\u00e9.<\/p><p><strong>Utilisation de cookies et autres traceurs<\/strong><br \/>Le site <a href=\"https:\/\/www.bodenmann.ch\/\">https:\/\/www.bodenmann.ch\/<\/a> utilise des cookies et des traceurs, notamment Google Analytics, pour analyser le trafic du site et am\u00e9liorer l'exp\u00e9rience utilisateur. En naviguant sur le site, vous consentez \u00e0 l'utilisation de ces cookies et traceurs conform\u00e9ment \u00e0 notre Politique de Cookies.<\/p><p><strong>Inscription \u00e0 la newsletter<\/strong><br \/>En vous inscrivant \u00e0 la newsletter de Bodenmann SA, vous acceptez de recevoir des communications commerciales et promotionnelles par email. Vous pouvez vous d\u00e9sinscrire \u00e0 tout moment en suivant le lien de d\u00e9sinscription pr\u00e9sent dans chaque email. Les donn\u00e9es collect\u00e9es pour l'inscription \u00e0 la newsletter sont trait\u00e9es par Mailchimp, conform\u00e9ment \u00e0 leur politique de confidentialit\u00e9.<\/p><p><strong>Liens hypertextes<\/strong><br \/>Les liens hypertextes pr\u00e9sents sur le site <a href=\"https:\/\/www.bodenmann.ch\/\">https:\/\/www.bodenmann.ch\/<\/a> peuvent diriger l'utilisateur vers des sites tiers. Bodenmann SA n'est pas responsable du contenu et des \u00e9ventuelles violations de droits d'auteur ou autres violations de la l\u00e9gislation sur ces sites tiers.<\/p><p><strong>Droit applicable et juridiction comp\u00e9tente<\/strong><br \/>Les pr\u00e9sentes conditions g\u00e9n\u00e9rales et mentions l\u00e9gales sont soumises au droit suisse. En cas de litige, les tribunaux comp\u00e9tents seront ceux du canton de Vaud, en Suisse.<\/p><p>Date de derni\u00e8re mise \u00e0 jour : 8 septembre 2025<\/p><\/div><\/div>\n        <\/section>\t\t\t\t<\/div>\n\t\t\t\t<\/div>\n\t\t\t\t<div class=\"elementor-element elementor-element-209f8dd aux-appear-watch-animation aux-fade-in-up elementor-hidden-desktop elementor-hidden-tablet elementor-hidden-mobile elementor-widget elementor-widget-aux_modern_heading\" data-id=\"209f8dd\" data-element_type=\"widget\" data-e-type=\"widget\" data-widget_type=\"aux_modern_heading.default\">\n\t\t\t\t<div class=\"elementor-widget-container\">\n\t\t\t\t\t<section class=\"aux-widget-modern-heading\">\n            <div class=\"aux-widget-inner\"><h2 class=\"aux-modern-heading-primary\"><\/h2><div class=\"aux-modern-heading-divider\"><\/div><div class=\"aux-modern-heading-description\"><p><strong>Inscription \u00e0 la newsletter<\/strong><br \/>En vous inscrivant \u00e0 la newsletter de Bodenmann SA, vous acceptez de recevoir des communications commerciales et promotionnelles par email. Vous pouvez vous d\u00e9sinscrire \u00e0 tout moment en suivant le lien de d\u00e9sinscription pr\u00e9sent dans chaque email. Les donn\u00e9es collect\u00e9es pour l'inscription \u00e0 la newsletter sont trait\u00e9es par Mailchimp, conform\u00e9ment \u00e0 leur politique de confidentialit\u00e9.<\/p><\/div><\/div>\n        <\/section>\t\t\t\t<\/div>\n\t\t\t\t<\/div>\n\t\t\t\t\t<\/div>\n\t\t<\/div>\n\t\t\t\t\t<\/div>\n\t\t<\/section>\n\t\t\t\t<section class=\"elementor-section elementor-top-section elementor-element elementor-element-a5fda49 elementor-reverse-tablet elementor-section-full_width elementor-section-stretched elementor-hidden-desktop elementor-hidden-tablet elementor-hidden-mobile elementor-section-height-default elementor-section-height-default\" data-id=\"a5fda49\" data-element_type=\"section\" data-e-type=\"section\" data-settings=\"{&quot;stretch_section&quot;:&quot;section-stretched&quot;}\">\n\t\t\t\t\t\t<div class=\"elementor-container elementor-column-gap-default\">\n\t\t\t\t\t<div class=\"aux-parallax-section elementor-column elementor-col-50 elementor-top-column elementor-element elementor-element-84dae5d\" data-id=\"84dae5d\" data-element_type=\"column\" data-e-type=\"column\">\n\t\t\t<div class=\"elementor-widget-wrap elementor-element-populated\">\n\t\t\t\t\t\t<div class=\"elementor-element elementor-element-e3e1838 aux-appear-watch-animation aux-fade-in-up elementor-widget elementor-widget-aux_modern_heading\" data-id=\"e3e1838\" data-element_type=\"widget\" data-e-type=\"widget\" data-widget_type=\"aux_modern_heading.default\">\n\t\t\t\t<div class=\"elementor-widget-container\">\n\t\t\t\t\t<section class=\"aux-widget-modern-heading\">\n            <div class=\"aux-widget-inner\"><h2 class=\"aux-modern-heading-primary\">01. Bureau d\u2019\u00e9tude<\/h2><div class=\"aux-modern-heading-divider\"><\/div><div class=\"aux-modern-heading-description\"><p>Un bon projet est un projet bien pens\u00e9. Fort d\u2019un riche savoir-faire, notre bureau technique traduit, interpr\u00e8te et enrichit vos id\u00e9es et les rend r\u00e9alisables. Impliqu\u00e9 d\u00e8s les premi\u00e8res esquisses, notre bureau d\u2019\u00e9tude et design accompagne votre projet tout au long du processus, s\u2019assurant que celui-ci se d\u00e9roule parfaitement, selon les attentes exprim\u00e9es et dans le niveau de qualit\u00e9 attendu.<\/p><\/div><\/div>\n        <\/section>\t\t\t\t<\/div>\n\t\t\t\t<\/div>\n\t\t\t\t\t<\/div>\n\t\t<\/div>\n\t\t\t\t<div class=\"aux-parallax-section elementor-column elementor-col-50 elementor-top-column elementor-element elementor-element-a5dacec\" data-id=\"a5dacec\" data-element_type=\"column\" data-e-type=\"column\">\n\t\t\t<div class=\"elementor-widget-wrap elementor-element-populated\">\n\t\t\t\t\t\t<div class=\"elementor-element elementor-element-474625a aux-appear-watch-animation aux-mask-from-left elementor-widget elementor-widget-aux_image\" data-id=\"474625a\" data-element_type=\"widget\" data-e-type=\"widget\" data-widget_type=\"aux_image.default\">\n\t\t\t\t<div class=\"elementor-widget-container\">\n\t\t\t\t\t<section class=\"widget-container aux-widget-image aux-alignnone aux-parent-au7b65abd9\">\n    <div class=\"aux-media-hint-frame \">\n        <div class=\"aux-media-image \" >\n        \n            \n\n            \n            <img fetchpriority=\"high\" decoding=\"async\" width=\"854\" height=\"412\" src=\"https:\/\/www.bodenmann.ch\/wp-content\/uploads\/2023\/01\/shutterstock_1151634602.png\" class=\"aux-attachment aux-featured-image aux-attachment-id-1504\" alt=\"shutterstock_1151634602\" data-ratio=\"2.07\" data-original-w=\"854\" \/>            \n                <\/div>\n    <\/div>\n\n<\/section><!-- widget-container -->\t\t\t\t<\/div>\n\t\t\t\t<\/div>\n\t\t\t\t\t<\/div>\n\t\t<\/div>\n\t\t\t\t\t<\/div>\n\t\t<\/section>\n\t\t\t\t<section class=\"elementor-section elementor-top-section elementor-element elementor-element-998f063 elementor-reverse-tablet elementor-reverse-mobile elementor-section-full_width elementor-section-stretched elementor-hidden-desktop elementor-hidden-tablet elementor-hidden-mobile elementor-section-height-default elementor-section-height-default\" data-id=\"998f063\" data-element_type=\"section\" data-e-type=\"section\" data-settings=\"{&quot;stretch_section&quot;:&quot;section-stretched&quot;}\">\n\t\t\t\t\t\t<div class=\"elementor-container elementor-column-gap-default\">\n\t\t\t\t\t<div class=\"aux-parallax-section elementor-column elementor-col-50 elementor-top-column elementor-element elementor-element-db57eb9\" data-id=\"db57eb9\" data-element_type=\"column\" data-e-type=\"column\">\n\t\t\t<div class=\"elementor-widget-wrap elementor-element-populated\">\n\t\t\t\t\t\t<div class=\"elementor-element elementor-element-eb02e77 aux-appear-watch-animation aux-mask-from-left elementor-widget elementor-widget-aux_image\" data-id=\"eb02e77\" data-element_type=\"widget\" data-e-type=\"widget\" data-widget_type=\"aux_image.default\">\n\t\t\t\t<div class=\"elementor-widget-container\">\n\t\t\t\t\t<section class=\"widget-container aux-widget-image aux-alignnone aux-parent-au15d065f2\">\n    <div class=\"aux-media-hint-frame \">\n        <div class=\"aux-media-image \" >\n        \n            \n\n            \n            <img decoding=\"async\" width=\"1066\" height=\"412\" src=\"https:\/\/www.bodenmann.ch\/wp-content\/uploads\/2023\/01\/shutterstock_231222958-1.png\" class=\"aux-attachment aux-featured-image aux-attachment-id-1509\" alt=\"shutterstock_231222958\" data-ratio=\"2.59\" data-original-w=\"1066\" \/>            \n                <\/div>\n    <\/div>\n\n<\/section><!-- widget-container -->\t\t\t\t<\/div>\n\t\t\t\t<\/div>\n\t\t\t\t\t<\/div>\n\t\t<\/div>\n\t\t\t\t<div class=\"aux-parallax-section elementor-column elementor-col-50 elementor-top-column elementor-element elementor-element-9804c9d\" data-id=\"9804c9d\" data-element_type=\"column\" data-e-type=\"column\">\n\t\t\t<div class=\"elementor-widget-wrap elementor-element-populated\">\n\t\t\t\t\t\t<div class=\"elementor-element elementor-element-9ff5233 aux-appear-watch-animation aux-fade-in-up elementor-widget elementor-widget-aux_modern_heading\" data-id=\"9ff5233\" data-element_type=\"widget\" data-e-type=\"widget\" data-widget_type=\"aux_modern_heading.default\">\n\t\t\t\t<div class=\"elementor-widget-container\">\n\t\t\t\t\t<section class=\"aux-widget-modern-heading\">\n            <div class=\"aux-widget-inner\"><h2 class=\"aux-modern-heading-primary\">02. Menuiserie<\/h2><div class=\"aux-modern-heading-divider\"><\/div><div class=\"aux-modern-heading-description\"><p>Alliant un artisanat d\u2019excellence, les outils les plus modernes et des mat\u00e9riaux de qualit\u00e9, notre atelier de menuiserie r\u00e9alise, sur mesure et parfaitement adapt\u00e9s \u00e0 vos besoins, des \u00e9l\u00e9ments de construction tels que portes et fen\u00eatres, cloisons, volets, protections murales, escaliers, mains-courantes ou terrasses.<\/p><\/div><\/div>\n        <\/section>\t\t\t\t<\/div>\n\t\t\t\t<\/div>\n\t\t\t\t\t<\/div>\n\t\t<\/div>\n\t\t\t\t\t<\/div>\n\t\t<\/section>\n\t\t\t\t<section class=\"elementor-section elementor-top-section elementor-element elementor-element-1d38047 elementor-reverse-tablet elementor-section-full_width elementor-section-stretched elementor-hidden-desktop elementor-hidden-tablet elementor-hidden-mobile elementor-section-height-default elementor-section-height-default\" data-id=\"1d38047\" data-element_type=\"section\" data-e-type=\"section\" data-settings=\"{&quot;stretch_section&quot;:&quot;section-stretched&quot;}\">\n\t\t\t\t\t\t<div class=\"elementor-container elementor-column-gap-default\">\n\t\t\t\t\t<div class=\"aux-parallax-section elementor-column elementor-col-50 elementor-top-column elementor-element elementor-element-5f57f1b\" data-id=\"5f57f1b\" data-element_type=\"column\" data-e-type=\"column\">\n\t\t\t<div class=\"elementor-widget-wrap elementor-element-populated\">\n\t\t\t\t\t\t<div class=\"elementor-element elementor-element-15f131d aux-appear-watch-animation aux-fade-in-up elementor-widget elementor-widget-aux_modern_heading\" data-id=\"15f131d\" data-element_type=\"widget\" data-e-type=\"widget\" data-widget_type=\"aux_modern_heading.default\">\n\t\t\t\t<div class=\"elementor-widget-container\">\n\t\t\t\t\t<section class=\"aux-widget-modern-heading\">\n            <div class=\"aux-widget-inner\"><h2 class=\"aux-modern-heading-primary\">03. Ebenisterie<\/h2><div class=\"aux-modern-heading-divider\"><\/div><div class=\"aux-modern-heading-description\"><p>D\u00e9bitage, usinage, montage\u2026 une grande exigence est port\u00e9e au moindre d\u00e9tail par nos \u00e9b\u00e9nistes \u00ab orf\u00e8vres \u00bb lors de la r\u00e9alisation des diff\u00e9rents \u00e9l\u00e9ments tels que biblioth\u00e8ques, bureau, armoire, dressing, mobilier de r\u00e9ception, \u00e9tablis d\u2019horloger, vitrines, bars\u2026 Pour la d\u00e9coration, les ch\u00e2ssis ou les ferrements, notre atelier de serrurerie vient compl\u00e9ter notre offre.<\/p><\/div><\/div>\n        <\/section>\t\t\t\t<\/div>\n\t\t\t\t<\/div>\n\t\t\t\t\t<\/div>\n\t\t<\/div>\n\t\t\t\t<div class=\"aux-parallax-section elementor-column elementor-col-50 elementor-top-column elementor-element elementor-element-25f7e87\" data-id=\"25f7e87\" data-element_type=\"column\" data-e-type=\"column\">\n\t\t\t<div class=\"elementor-widget-wrap elementor-element-populated\">\n\t\t\t\t\t\t<div class=\"elementor-element elementor-element-a0bcb33 aux-appear-watch-animation aux-mask-from-left elementor-widget elementor-widget-aux_image\" data-id=\"a0bcb33\" data-element_type=\"widget\" data-e-type=\"widget\" data-widget_type=\"aux_image.default\">\n\t\t\t\t<div class=\"elementor-widget-container\">\n\t\t\t\t\t<section class=\"widget-container aux-widget-image aux-alignnone aux-parent-aua6d64e91\">\n    <div class=\"aux-media-hint-frame \">\n        <div class=\"aux-media-image \" >\n        \n            \n\n            \n            <img decoding=\"async\" width=\"1066\" height=\"381\" src=\"https:\/\/www.bodenmann.ch\/wp-content\/uploads\/2023\/01\/shutterstock_231222958.png\" class=\"aux-attachment aux-featured-image aux-attachment-id-1505\" alt=\"shutterstock_231222958\" data-ratio=\"2.8\" data-original-w=\"1066\" \/>            \n                <\/div>\n    <\/div>\n\n<\/section><!-- widget-container -->\t\t\t\t<\/div>\n\t\t\t\t<\/div>\n\t\t\t\t\t<\/div>\n\t\t<\/div>\n\t\t\t\t\t<\/div>\n\t\t<\/section>\n\t\t\t\t<section class=\"elementor-section elementor-top-section elementor-element elementor-element-33a2d06 elementor-reverse-tablet elementor-reverse-mobile elementor-section-full_width elementor-section-stretched elementor-hidden-desktop elementor-hidden-tablet elementor-hidden-mobile elementor-section-height-default elementor-section-height-default\" data-id=\"33a2d06\" data-element_type=\"section\" data-e-type=\"section\" data-settings=\"{&quot;stretch_section&quot;:&quot;section-stretched&quot;}\">\n\t\t\t\t\t\t<div class=\"elementor-container elementor-column-gap-default\">\n\t\t\t\t\t<div class=\"aux-parallax-section elementor-column elementor-col-50 elementor-top-column elementor-element elementor-element-fc8a808\" data-id=\"fc8a808\" data-element_type=\"column\" data-e-type=\"column\">\n\t\t\t<div class=\"elementor-widget-wrap elementor-element-populated\">\n\t\t\t\t\t\t<div class=\"elementor-element elementor-element-f8c1651 aux-appear-watch-animation aux-mask-from-left elementor-widget elementor-widget-aux_image\" data-id=\"f8c1651\" data-element_type=\"widget\" data-e-type=\"widget\" data-widget_type=\"aux_image.default\">\n\t\t\t\t<div class=\"elementor-widget-container\">\n\t\t\t\t\t<section class=\"widget-container aux-widget-image aux-alignnone aux-parent-audb8a3b0d\">\n    <div class=\"aux-media-hint-frame \">\n        <div class=\"aux-media-image \" >\n        \n            \n\n            \n            <img loading=\"lazy\" decoding=\"async\" width=\"854\" height=\"412\" src=\"https:\/\/www.bodenmann.ch\/wp-content\/uploads\/2023\/01\/shutterstock_231222958-2.png\" class=\"aux-attachment aux-featured-image aux-attachment-id-1510\" alt=\"shutterstock_231222958\" data-ratio=\"2.07\" data-original-w=\"854\" \/>            \n                <\/div>\n    <\/div>\n\n<\/section><!-- widget-container -->\t\t\t\t<\/div>\n\t\t\t\t<\/div>\n\t\t\t\t\t<\/div>\n\t\t<\/div>\n\t\t\t\t<div class=\"aux-parallax-section elementor-column elementor-col-50 elementor-top-column elementor-element elementor-element-371b331\" data-id=\"371b331\" data-element_type=\"column\" data-e-type=\"column\">\n\t\t\t<div class=\"elementor-widget-wrap elementor-element-populated\">\n\t\t\t\t\t\t<div class=\"elementor-element elementor-element-8b17991 aux-appear-watch-animation aux-fade-in-up elementor-widget elementor-widget-aux_modern_heading\" data-id=\"8b17991\" data-element_type=\"widget\" data-e-type=\"widget\" data-widget_type=\"aux_modern_heading.default\">\n\t\t\t\t<div class=\"elementor-widget-container\">\n\t\t\t\t\t<section class=\"aux-widget-modern-heading\">\n            <div class=\"aux-widget-inner\"><h2 class=\"aux-modern-heading-primary\">04. Ameublement<\/h2><div class=\"aux-modern-heading-divider\"><\/div><div class=\"aux-modern-heading-description\"><p>Partie int\u00e9grante de notre offre, nous proposons une riche gamme de produits d\u2019ameublement int\u00e9grant du mobilier et des \u00e9l\u00e9ments d\u00e9coratifs destin\u00e9s \u00e0 l\u2019am\u00e9nagement de bureaux, d\u2019h\u00f4tels, d\u2019espaces professionnels et priv\u00e9s. Fruit d\u2019un partenariat avec des fabricants d\u2019ameublement r\u00e9put\u00e9s, cette gamme d\u2019ameublement se d\u00e9cline en diverses collections et peut \u00eatre personnalis\u00e9e \u00e0 l\u2019image de votre soci\u00e9t\u00e9.<\/p><\/div><\/div>\n        <\/section>\t\t\t\t<\/div>\n\t\t\t\t<\/div>\n\t\t\t\t\t<\/div>\n\t\t<\/div>\n\t\t\t\t\t<\/div>\n\t\t<\/section>\n\t\t\t\t<\/div>\n\t\t","protected":false},"excerpt":{"rendered":"<p>Allgemeine Gesch\u00e4ftsbedingungen und Impressum Angaben zum HerausgeberDie Website https:\/\/www.bodenmann.ch\/ wird von Bodenmann SA betrieben, mit Sitz an folgender Adresse: Le Campe 10, 1348 Le Brassus, Schweiz. Telefon: +41 (0)21 564 40 40; E-Mail: info@bodenmann.ch. HostingDie Website wird von Infomaniak gehostet, mit Sitz an folgender Adresse: Rue Eug\u00e8ne-Marziano 25, 1227 Genf, Schweiz. HaftungBodenmann SA ist bestrebt, [&hellip;]<\/p>\n","protected":false},"author":1,"featured_media":0,"parent":0,"menu_order":0,"comment_status":"closed","ping_status":"closed","template":"","meta":{"inline_featured_image":false,"footnotes":""},"class_list":["post-7331","page","type-page","status-publish","hentry"],"_links":{"self":[{"href":"https:\/\/www.bodenmann.ch\/de\/wp-json\/wp\/v2\/pages\/7331","targetHints":{"allow":["GET"]}}],"collection":[{"href":"https:\/\/www.bodenmann.ch\/de\/wp-json\/wp\/v2\/pages"}],"about":[{"href":"https:\/\/www.bodenmann.ch\/de\/wp-json\/wp\/v2\/types\/page"}],"author":[{"embeddable":true,"href":"https:\/\/www.bodenmann.ch\/de\/wp-json\/wp\/v2\/users\/1"}],"replies":[{"embeddable":true,"href":"https:\/\/www.bodenmann.ch\/de\/wp-json\/wp\/v2\/comments?post=7331"}],"version-history":[{"count":0,"href":"https:\/\/www.bodenmann.ch\/de\/wp-json\/wp\/v2\/pages\/7331\/revisions"}],"wp:attachment":[{"href":"https:\/\/www.bodenmann.ch\/de\/wp-json\/wp\/v2\/media?parent=7331"}],"curies":[{"name":"wp","href":"https:\/\/api.w.org\/{rel}","templated":true}]}}